{"id":2,"date":"2025-04-03T11:56:32","date_gmt":"2025-04-03T09:56:32","guid":{"rendered":"http:\/\/www.lairedutemps.com\/?page_id=2"},"modified":"2025-04-13T18:08:47","modified_gmt":"2025-04-13T16:08:47","slug":"page-d-exemple","status":"publish","type":"page","link":"http:\/\/www.lairedutemps.com\/","title":{"rendered":"L&rsquo;aire du temps"},"content":{"rendered":"<div class=\"wp-block-image is-style-default\">\n<figure class=\"aligncenter size-full\"><img loading=\"lazy\" decoding=\"async\" width=\"1280\" height=\"622\" src=\"http:\/\/www.lairedutemps.com\/wp-content\/uploads\/2025\/04\/DEVANTURE-25-4.jpg\" alt=\"\" class=\"wp-image-66\" srcset=\"http:\/\/www.lairedutemps.com\/wp-content\/uploads\/2025\/04\/DEVANTURE-25-4.jpg 1280w, http:\/\/www.lairedutemps.com\/wp-content\/uploads\/2025\/04\/DEVANTURE-25-4-300x146.jpg 300w, http:\/\/www.lairedutemps.com\/wp-content\/uploads\/2025\/04\/DEVANTURE-25-4-1024x498.jpg 1024w, http:\/\/www.lairedutemps.com\/wp-content\/uploads\/2025\/04\/DEVANTURE-25-4-768x373.jpg 768w\" sizes=\"auto, (max-width: 1280px) 100vw, 1280px\" \/><\/figure>\n<\/div>\n\n\n<p>Boutique dans la plus grande tradition du commerce de proximit\u00e9:&nbsp;<strong>Accueil, Conseil professionnel, Chaleur et Convivialit\u00e9<\/strong>; nous sommes avant tout au service de notre client\u00e8le.<\/p>\n\n\n\n<p>Vous y trouverez un grand choix de&nbsp;:<\/p>\n\n\n\n<p><strong>Pr\u00eat \u00e0 Porter\u00a0 FEMME<\/strong>\u00a0avec les marques: GEVANA, GRIFFON, AGATHE et LOUISE, JULIE GUERLANDE, KANOPE, JENSEN, CISO, REVER, ELEANE, I.ODENA, GUY DUBOUIS&#8230;<\/p>\n\n\n\n<p><strong>Pr\u00eat \u00e0 Porter HOMME<\/strong>\u00a0avec les marques: CAMBRIDGE, COFOX, REDMOND, REDPOINT, JUPITER, CASAMODA, HATTRIC, CAMEL ACTIVE, RHODAMEL&#8230;<\/p>\n\n\n\n<p><strong>Lingerie de jour<\/strong> <strong>(Homme et Femme)<\/strong> avec les marques: TRIUMPH, PLAYTEX, SLOGGY, JANIRA, JET, EMINENCE, PERRIN<\/p>\n\n\n\n<p><strong>Lingerie de nuit<\/strong>\u00a0<strong>(Homme et Femme)<\/strong> avec les marques: MASSANA, RINGELLA, PEIGNORA, JET, PASTUNETTE<\/p>\n\n\n\n<p>Un grand choix d&rsquo;accessoires (<strong>\u00e9charpes, sacs \u00e0 main et petite maroquinerie<\/strong>) accompagne&nbsp;cette offre.<\/p>\n\n\n\n<div id=\"metaslider-id-49\" style=\"width: 100%;\" class=\"ml-slider-3-97-0 metaslider metaslider-flex metaslider-49 ml-slider ms-theme-default-base has-dots-nav\" role=\"region\" aria-roledescription=\"Slideshow\" aria-label=\"Nouveau diaporama\" data-width=\"700\">\n    <div id=\"metaslider_container_49\">\n        <div id=\"metaslider_49\">\n            <ul class='slides'>\n                <li style=\"display: block; width: 100%;\" class=\"slide-84 ms-image \" aria-roledescription=\"slide\" aria-label=\"slide-84\" data-date=\"2025-04-13 18:29:55\"><img loading=\"lazy\" decoding=\"async\" width=\"1280\" height=\"622\" src=\"http:\/\/www.lairedutemps.com\/wp-content\/uploads\/2025\/04\/MAG-PE25-2.jpg\" class=\"slider-49 slide-84\" alt=\"\" rel=\"\" title=\"MAG PE25 2\" srcset=\"http:\/\/www.lairedutemps.com\/wp-content\/uploads\/2025\/04\/MAG-PE25-2.jpg 1280w, http:\/\/www.lairedutemps.com\/wp-content\/uploads\/2025\/04\/MAG-PE25-2-300x146.jpg 300w, http:\/\/www.lairedutemps.com\/wp-content\/uploads\/2025\/04\/MAG-PE25-2-1024x498.jpg 1024w, http:\/\/www.lairedutemps.com\/wp-content\/uploads\/2025\/04\/MAG-PE25-2-768x373.jpg 768w\" sizes=\"auto, (max-width: 1280px) 100vw, 1280px\" \/><\/li>\n                <li style=\"display: none; width: 100%;\" class=\"slide-85 ms-image \" aria-roledescription=\"slide\" aria-label=\"slide-85\" data-date=\"2025-04-13 18:29:55\"><img loading=\"lazy\" decoding=\"async\" width=\"622\" height=\"1280\" src=\"http:\/\/www.lairedutemps.com\/wp-content\/uploads\/2025\/04\/MAG-PE25-3-rotated.jpg\" class=\"slider-49 slide-85\" alt=\"\" rel=\"\" title=\"MAG PE25 3\" srcset=\"http:\/\/www.lairedutemps.com\/wp-content\/uploads\/2025\/04\/MAG-PE25-3-rotated.jpg 622w, http:\/\/www.lairedutemps.com\/wp-content\/uploads\/2025\/04\/MAG-PE25-3-146x300.jpg 146w, http:\/\/www.lairedutemps.com\/wp-content\/uploads\/2025\/04\/MAG-PE25-3-498x1024.jpg 498w\" sizes=\"auto, (max-width: 622px) 100vw, 622px\" \/><\/li>\n                <li style=\"display: none; width: 100%;\" class=\"slide-86 ms-image \" aria-roledescription=\"slide\" aria-label=\"slide-86\" data-date=\"2025-04-13 18:29:55\"><img loading=\"lazy\" decoding=\"async\" width=\"1244\" height=\"2560\" src=\"http:\/\/www.lairedutemps.com\/wp-content\/uploads\/2025\/04\/20250408_113215-1-scaled.jpg\" class=\"slider-49 slide-86\" alt=\"\" rel=\"\" title=\"20250408_113215 (1)\" srcset=\"http:\/\/www.lairedutemps.com\/wp-content\/uploads\/2025\/04\/20250408_113215-1-scaled.jpg 1244w, http:\/\/www.lairedutemps.com\/wp-content\/uploads\/2025\/04\/20250408_113215-1-146x300.jpg 146w, http:\/\/www.lairedutemps.com\/wp-content\/uploads\/2025\/04\/20250408_113215-1-498x1024.jpg 498w, http:\/\/www.lairedutemps.com\/wp-content\/uploads\/2025\/04\/20250408_113215-1-768x1580.jpg 768w, http:\/\/www.lairedutemps.com\/wp-content\/uploads\/2025\/04\/20250408_113215-1-747x1536.jpg 747w\" sizes=\"auto, (max-width: 1244px) 100vw, 1244px\" \/><div class=\"caption-wrap\"><div class=\"caption\"><div>TOP voile\u00a0 de la Marque GRIFFON<\/div><\/div><\/div><\/li>\n                <li style=\"display: none; width: 100%;\" class=\"slide-87 ms-image \" aria-roledescription=\"slide\" aria-label=\"slide-87\" data-date=\"2025-04-13 18:29:55\"><img loading=\"lazy\" decoding=\"async\" width=\"1244\" height=\"2560\" src=\"http:\/\/www.lairedutemps.com\/wp-content\/uploads\/2025\/04\/20250408_113206-scaled.jpg\" class=\"slider-49 slide-87\" alt=\"\" rel=\"\" title=\"20250408_113206\" srcset=\"http:\/\/www.lairedutemps.com\/wp-content\/uploads\/2025\/04\/20250408_113206-scaled.jpg 1244w, http:\/\/www.lairedutemps.com\/wp-content\/uploads\/2025\/04\/20250408_113206-146x300.jpg 146w, http:\/\/www.lairedutemps.com\/wp-content\/uploads\/2025\/04\/20250408_113206-498x1024.jpg 498w, http:\/\/www.lairedutemps.com\/wp-content\/uploads\/2025\/04\/20250408_113206-768x1580.jpg 768w, http:\/\/www.lairedutemps.com\/wp-content\/uploads\/2025\/04\/20250408_113206-747x1536.jpg 747w\" sizes=\"auto, (max-width: 1244px) 100vw, 1244px\" \/><\/li>\n                <li style=\"display: none; width: 100%;\" class=\"slide-88 ms-image \" aria-roledescription=\"slide\" aria-label=\"slide-88\" data-date=\"2025-04-13 18:29:55\"><img loading=\"lazy\" decoding=\"async\" width=\"2560\" height=\"1244\" src=\"http:\/\/www.lairedutemps.com\/wp-content\/uploads\/2025\/04\/20250408_113233-1-scaled.jpg\" class=\"slider-49 slide-88\" alt=\"\" rel=\"\" title=\"20250408_113233 (1)\" srcset=\"http:\/\/www.lairedutemps.com\/wp-content\/uploads\/2025\/04\/20250408_113233-1-scaled.jpg 2560w, http:\/\/www.lairedutemps.com\/wp-content\/uploads\/2025\/04\/20250408_113233-1-300x146.jpg 300w, http:\/\/www.lairedutemps.com\/wp-content\/uploads\/2025\/04\/20250408_113233-1-1024x498.jpg 1024w, http:\/\/www.lairedutemps.com\/wp-content\/uploads\/2025\/04\/20250408_113233-1-768x373.jpg 768w, http:\/\/www.lairedutemps.com\/wp-content\/uploads\/2025\/04\/20250408_113233-1-1536x747.jpg 1536w, http:\/\/www.lairedutemps.com\/wp-content\/uploads\/2025\/04\/20250408_113233-1-2048x996.jpg 2048w\" sizes=\"auto, (max-width: 2560px) 100vw, 2560px\" \/><\/li>\n                <li style=\"display: none; width: 100%;\" class=\"slide-90 ms-image \" aria-roledescription=\"slide\" aria-label=\"slide-90\" data-date=\"2025-04-13 18:29:55\"><img loading=\"lazy\" decoding=\"async\" width=\"1244\" height=\"2560\" src=\"http:\/\/www.lairedutemps.com\/wp-content\/uploads\/2025\/04\/20250408_113157-scaled.jpg\" class=\"slider-49 slide-90\" alt=\"\" rel=\"\" title=\"20250408_113157\" srcset=\"http:\/\/www.lairedutemps.com\/wp-content\/uploads\/2025\/04\/20250408_113157-scaled.jpg 1244w, http:\/\/www.lairedutemps.com\/wp-content\/uploads\/2025\/04\/20250408_113157-146x300.jpg 146w, http:\/\/www.lairedutemps.com\/wp-content\/uploads\/2025\/04\/20250408_113157-498x1024.jpg 498w, http:\/\/www.lairedutemps.com\/wp-content\/uploads\/2025\/04\/20250408_113157-768x1580.jpg 768w, http:\/\/www.lairedutemps.com\/wp-content\/uploads\/2025\/04\/20250408_113157-747x1536.jpg 747w\" sizes=\"auto, (max-width: 1244px) 100vw, 1244px\" \/><\/li>\n                <li style=\"display: none; width: 100%;\" class=\"slide-92 ms-image \" aria-roledescription=\"slide\" aria-label=\"slide-92\" data-date=\"2025-04-13 18:29:55\"><img loading=\"lazy\" decoding=\"async\" width=\"1280\" height=\"622\" src=\"http:\/\/www.lairedutemps.com\/wp-content\/uploads\/2025\/04\/20250410_091317.jpg\" class=\"slider-49 slide-92\" alt=\"\" rel=\"\" title=\"20250410_091317\" srcset=\"http:\/\/www.lairedutemps.com\/wp-content\/uploads\/2025\/04\/20250410_091317.jpg 1280w, http:\/\/www.lairedutemps.com\/wp-content\/uploads\/2025\/04\/20250410_091317-300x146.jpg 300w, http:\/\/www.lairedutemps.com\/wp-content\/uploads\/2025\/04\/20250410_091317-1024x498.jpg 1024w, http:\/\/www.lairedutemps.com\/wp-content\/uploads\/2025\/04\/20250410_091317-768x373.jpg 768w\" sizes=\"auto, (max-width: 1280px) 100vw, 1280px\" \/><\/li>\n                <li style=\"display: none; width: 100%;\" class=\"slide-94 ms-image \" aria-roledescription=\"slide\" aria-label=\"slide-94\" data-date=\"2025-04-13 18:29:55\"><img loading=\"lazy\" decoding=\"async\" width=\"622\" height=\"1280\" src=\"http:\/\/www.lairedutemps.com\/wp-content\/uploads\/2025\/04\/MAG-PE25-10-rotated.jpg\" class=\"slider-49 slide-94\" alt=\"\" rel=\"\" title=\"MAG PE25 10\" srcset=\"http:\/\/www.lairedutemps.com\/wp-content\/uploads\/2025\/04\/MAG-PE25-10-rotated.jpg 622w, http:\/\/www.lairedutemps.com\/wp-content\/uploads\/2025\/04\/MAG-PE25-10-146x300.jpg 146w, http:\/\/www.lairedutemps.com\/wp-content\/uploads\/2025\/04\/MAG-PE25-10-498x1024.jpg 498w\" sizes=\"auto, (max-width: 622px) 100vw, 622px\" \/><\/li>\n                <li style=\"display: none; width: 100%;\" class=\"slide-95 ms-image \" aria-roledescription=\"slide\" aria-label=\"slide-95\" data-date=\"2025-04-13 18:29:55\"><img loading=\"lazy\" decoding=\"async\" width=\"622\" height=\"1280\" src=\"http:\/\/www.lairedutemps.com\/wp-content\/uploads\/2025\/04\/MAG-PE25-4-rotated.jpg\" class=\"slider-49 slide-95\" alt=\"\" rel=\"\" title=\"MAG PE25 4\" srcset=\"http:\/\/www.lairedutemps.com\/wp-content\/uploads\/2025\/04\/MAG-PE25-4-rotated.jpg 622w, http:\/\/www.lairedutemps.com\/wp-content\/uploads\/2025\/04\/MAG-PE25-4-146x300.jpg 146w, http:\/\/www.lairedutemps.com\/wp-content\/uploads\/2025\/04\/MAG-PE25-4-498x1024.jpg 498w\" sizes=\"auto, (max-width: 622px) 100vw, 622px\" \/><\/li>\n                <li style=\"display: none; width: 100%;\" class=\"slide-97 ms-image \" aria-roledescription=\"slide\" aria-label=\"slide-97\" data-date=\"2025-04-13 18:34:55\"><img loading=\"lazy\" decoding=\"async\" width=\"2560\" height=\"1244\" src=\"http:\/\/www.lairedutemps.com\/wp-content\/uploads\/2025\/04\/20250408_113233-1-scaled.jpg\" class=\"slider-49 slide-97\" alt=\"\" rel=\"\" title=\"20250408_113233 (1)\" srcset=\"http:\/\/www.lairedutemps.com\/wp-content\/uploads\/2025\/04\/20250408_113233-1-scaled.jpg 2560w, http:\/\/www.lairedutemps.com\/wp-content\/uploads\/2025\/04\/20250408_113233-1-300x146.jpg 300w, http:\/\/www.lairedutemps.com\/wp-content\/uploads\/2025\/04\/20250408_113233-1-1024x498.jpg 1024w, http:\/\/www.lairedutemps.com\/wp-content\/uploads\/2025\/04\/20250408_113233-1-768x373.jpg 768w, http:\/\/www.lairedutemps.com\/wp-content\/uploads\/2025\/04\/20250408_113233-1-1536x747.jpg 1536w, http:\/\/www.lairedutemps.com\/wp-content\/uploads\/2025\/04\/20250408_113233-1-2048x996.jpg 2048w\" sizes=\"auto, (max-width: 2560px) 100vw, 2560px\" \/><\/li>\n                <li style=\"display: none; width: 100%;\" class=\"slide-98 ms-image \" aria-roledescription=\"slide\" aria-label=\"slide-98\" data-date=\"2025-04-13 18:35:07\"><img loading=\"lazy\" decoding=\"async\" width=\"1244\" height=\"2560\" src=\"http:\/\/www.lairedutemps.com\/wp-content\/uploads\/2025\/04\/20250408_113206-1-scaled.jpg\" class=\"slider-49 slide-98\" alt=\"\" rel=\"\" title=\"20250408_113206\" srcset=\"http:\/\/www.lairedutemps.com\/wp-content\/uploads\/2025\/04\/20250408_113206-1-scaled.jpg 1244w, http:\/\/www.lairedutemps.com\/wp-content\/uploads\/2025\/04\/20250408_113206-1-146x300.jpg 146w, http:\/\/www.lairedutemps.com\/wp-content\/uploads\/2025\/04\/20250408_113206-1-498x1024.jpg 498w, http:\/\/www.lairedutemps.com\/wp-content\/uploads\/2025\/04\/20250408_113206-1-768x1580.jpg 768w, http:\/\/www.lairedutemps.com\/wp-content\/uploads\/2025\/04\/20250408_113206-1-747x1536.jpg 747w\" sizes=\"auto, (max-width: 1244px) 100vw, 1244px\" \/><\/li>\n                <li style=\"display: none; width: 100%;\" class=\"slide-99 ms-image \" aria-roledescription=\"slide\" aria-label=\"slide-99\" data-date=\"2025-04-13 18:35:27\"><img loading=\"lazy\" decoding=\"async\" width=\"622\" height=\"1280\" src=\"http:\/\/www.lairedutemps.com\/wp-content\/uploads\/2025\/04\/MAG-PE25-3-rotated.jpg\" class=\"slider-49 slide-99\" alt=\"\" rel=\"\" title=\"MAG PE25 3\" srcset=\"http:\/\/www.lairedutemps.com\/wp-content\/uploads\/2025\/04\/MAG-PE25-3-rotated.jpg 622w, http:\/\/www.lairedutemps.com\/wp-content\/uploads\/2025\/04\/MAG-PE25-3-146x300.jpg 146w, http:\/\/www.lairedutemps.com\/wp-content\/uploads\/2025\/04\/MAG-PE25-3-498x1024.jpg 498w\" sizes=\"auto, (max-width: 622px) 100vw, 622px\" \/><\/li>\n                <li style=\"display: none; width: 100%;\" class=\"slide-102 ms-image \" aria-roledescription=\"slide\" aria-label=\"slide-102\" data-date=\"2025-04-13 18:37:30\"><img loading=\"lazy\" decoding=\"async\" width=\"622\" height=\"1280\" src=\"http:\/\/www.lairedutemps.com\/wp-content\/uploads\/2025\/04\/MAG-PE25-6-rotated.jpg\" class=\"slider-49 slide-102\" alt=\"\" rel=\"\" title=\"MAG PE25 6\" srcset=\"http:\/\/www.lairedutemps.com\/wp-content\/uploads\/2025\/04\/MAG-PE25-6-rotated.jpg 622w, http:\/\/www.lairedutemps.com\/wp-content\/uploads\/2025\/04\/MAG-PE25-6-146x300.jpg 146w, http:\/\/www.lairedutemps.com\/wp-content\/uploads\/2025\/04\/MAG-PE25-6-498x1024.jpg 498w\" sizes=\"auto, (max-width: 622px) 100vw, 622px\" \/><\/li>\n                <li style=\"display: none; width: 100%;\" class=\"slide-103 ms-image \" aria-roledescription=\"slide\" aria-label=\"slide-103\" data-date=\"2025-04-13 18:37:30\"><img loading=\"lazy\" decoding=\"async\" width=\"622\" height=\"1280\" src=\"http:\/\/www.lairedutemps.com\/wp-content\/uploads\/2025\/04\/PE25-1-rotated.jpg\" class=\"slider-49 slide-103\" alt=\"Veste, Tee-Shirt, Pantalon\" rel=\"\" title=\"PE25 1\" srcset=\"http:\/\/www.lairedutemps.com\/wp-content\/uploads\/2025\/04\/PE25-1-rotated.jpg 622w, http:\/\/www.lairedutemps.com\/wp-content\/uploads\/2025\/04\/PE25-1-146x300.jpg 146w, http:\/\/www.lairedutemps.com\/wp-content\/uploads\/2025\/04\/PE25-1-498x1024.jpg 498w\" sizes=\"auto, (max-width: 622px) 100vw, 622px\" \/><div class=\"caption-wrap\"><div class=\"caption\"><div>\u00a0Pantalon fluide et Tee-Shirt - I.ODENA<\/div> <div>\u00a0Veste Coton - Guy DUBOUIS<\/div><\/div><\/div><\/li>\n                <li style=\"display: none; width: 100%;\" class=\"slide-105 ms-image \" aria-roledescription=\"slide\" aria-label=\"slide-105\" data-date=\"2025-04-13 19:05:10\"><img loading=\"lazy\" decoding=\"async\" width=\"1417\" height=\"1772\" src=\"http:\/\/www.lairedutemps.com\/wp-content\/uploads\/2025\/04\/AL-PE-2025-180-1-tunique.jpg\" class=\"slider-49 slide-105\" alt=\"Tunique AGATHE ET LOUISE\" rel=\"\" title=\"Tunique AGATHE ET  LOUISE\" srcset=\"http:\/\/www.lairedutemps.com\/wp-content\/uploads\/2025\/04\/AL-PE-2025-180-1-tunique.jpg 1417w, http:\/\/www.lairedutemps.com\/wp-content\/uploads\/2025\/04\/AL-PE-2025-180-1-tunique-240x300.jpg 240w, http:\/\/www.lairedutemps.com\/wp-content\/uploads\/2025\/04\/AL-PE-2025-180-1-tunique-819x1024.jpg 819w, http:\/\/www.lairedutemps.com\/wp-content\/uploads\/2025\/04\/AL-PE-2025-180-1-tunique-768x960.jpg 768w, http:\/\/www.lairedutemps.com\/wp-content\/uploads\/2025\/04\/AL-PE-2025-180-1-tunique-1228x1536.jpg 1228w\" sizes=\"auto, (max-width: 1417px) 100vw, 1417px\" \/><div class=\"caption-wrap\"><div class=\"caption\"><div>Tunique AGATHE ET LOUISE<\/div><\/div><\/div><\/li>\n                <li style=\"display: none; width: 100%;\" class=\"slide-107 ms-image \" aria-roledescription=\"slide\" aria-label=\"slide-107\" data-date=\"2025-04-13 19:07:45\"><img loading=\"lazy\" decoding=\"async\" width=\"1417\" height=\"1772\" src=\"http:\/\/www.lairedutemps.com\/wp-content\/uploads\/2025\/04\/AL-PE-2025-126-chemisier.jpg\" class=\"slider-49 slide-107\" alt=\"Chemisier AGATHE ET LOUISE\" rel=\"\" title=\"A&amp;L PE 2025 126 chemisier\" srcset=\"http:\/\/www.lairedutemps.com\/wp-content\/uploads\/2025\/04\/AL-PE-2025-126-chemisier.jpg 1417w, http:\/\/www.lairedutemps.com\/wp-content\/uploads\/2025\/04\/AL-PE-2025-126-chemisier-240x300.jpg 240w, http:\/\/www.lairedutemps.com\/wp-content\/uploads\/2025\/04\/AL-PE-2025-126-chemisier-819x1024.jpg 819w, http:\/\/www.lairedutemps.com\/wp-content\/uploads\/2025\/04\/AL-PE-2025-126-chemisier-768x960.jpg 768w, http:\/\/www.lairedutemps.com\/wp-content\/uploads\/2025\/04\/AL-PE-2025-126-chemisier-1228x1536.jpg 1228w\" sizes=\"auto, (max-width: 1417px) 100vw, 1417px\" \/><div class=\"caption-wrap\"><div class=\"caption\"><div>Chemisier\u00a0 AGATHE ET LOUISE<\/div><\/div><\/div><\/li>\n            <\/ul>\n        <\/div>\n        \n    <\/div>\n<\/div>\n\n\n\n<div class=\"wp-block-columns is-layout-flex wp-container-core-columns-is-layout-9d6595d7 wp-block-columns-is-layout-flex\">\n<div class=\"wp-block-column is-layout-flow wp-block-column-is-layout-flow\" style=\"flex-basis:100%\">\n<div class=\"wp-block-columns is-layout-flex wp-container-core-columns-is-layout-9d6595d7 wp-block-columns-is-layout-flex\">\n<div class=\"wp-block-column is-layout-flow wp-block-column-is-layout-flow\" style=\"flex-basis:66.66%\"><div id=\"wpgmza_map\" class=\"wpgmza_map\" data-settings=\"{&quot;id&quot;:&quot;1&quot;,&quot;map_title&quot;:&quot;Localiser l'aire du temps&quot;,&quot;map_width&quot;:&quot;100&quot;,&quot;map_height&quot;:&quot;500&quot;,&quot;map_start_lat&quot;:&quot;50.6383323&quot;,&quot;map_start_lng&quot;:&quot;2.3935891&quot;,&quot;map_start_location&quot;:&quot;45.950464398418106,-109.81550500000003&quot;,&quot;map_start_zoom&quot;:&quot;14&quot;,&quot;default_marker&quot;:&quot;&quot;,&quot;type&quot;:&quot;1&quot;,&quot;alignment&quot;:&quot;4&quot;,&quot;directions_enabled&quot;:&quot;0&quot;,&quot;styling_enabled&quot;:&quot;0&quot;,&quot;styling_json&quot;:&quot;&quot;,&quot;active&quot;:&quot;0&quot;,&quot;kml&quot;:&quot;&quot;,&quot;bicycle&quot;:&quot;0&quot;,&quot;traffic&quot;:&quot;0&quot;,&quot;dbox&quot;:&quot;0&quot;,&quot;dbox_width&quot;:&quot;&quot;,&quot;listmarkers&quot;:&quot;0&quot;,&quot;listmarkers_advanced&quot;:&quot;0&quot;,&quot;filterbycat&quot;:&quot;0&quot;,&quot;ugm_enabled&quot;:&quot;0&quot;,&quot;ugm_category_enabled&quot;:&quot;0&quot;,&quot;fusion&quot;:&quot;&quot;,&quot;map_width_type&quot;:&quot;%&quot;,&quot;map_height_type&quot;:&quot;px&quot;,&quot;mass_marker_support&quot;:&quot;0&quot;,&quot;ugm_access&quot;:&quot;0&quot;,&quot;order_markers_by&quot;:&quot;0&quot;,&quot;order_markers_choice&quot;:&quot;0&quot;,&quot;show_user_location&quot;:&quot;0&quot;,&quot;default_to&quot;:&quot;&quot;,&quot;other_settings&quot;:{&quot;map_type&quot;:1,&quot;sl_stroke_color&quot;:&quot;&quot;,&quot;sl_fill_color&quot;:&quot;&quot;,&quot;sl_stroke_opacity&quot;:&quot;&quot;,&quot;sl_fill_opacity&quot;:&quot;&quot;,&quot;transport_layer&quot;:false,&quot;action&quot;:&quot;wpgmza_save_map&quot;,&quot;redirect_to&quot;:&quot;\\\/wp-admin\\\/admin-post.php&quot;,&quot;map_id&quot;:&quot;1&quot;,&quot;http_referer&quot;:&quot;\\\/wp-admin\\\/admin.php?page=wp-google-maps-menu&amp;amp;action=edit&amp;amp;map_id=1&quot;,&quot;wpgmza_id&quot;:&quot;1&quot;,&quot;wpgmza_start_location&quot;:&quot;50.6383323,2.3935891&quot;,&quot;wpgmza_start_zoom&quot;:&quot;14&quot;,&quot;wpgmza_theme_data&quot;:&quot;&quot;,&quot;store_locator_enabled&quot;:false,&quot;store_locator_search_area&quot;:&quot;radial&quot;,&quot;wpgmza_store_locator_radius_style&quot;:&quot;legacy&quot;,&quot;wpgmza_store_locator_default_radius&quot;:&quot;10&quot;,&quot;store_locator_auto_area_max_zoom&quot;:&quot;&quot;,&quot;store_locator_distance&quot;:false,&quot;wpgmza_store_locator_position&quot;:false,&quot;store_locator_show_distance&quot;:false,&quot;store_locator_category&quot;:false,&quot;wpgmza_store_locator_use_their_location&quot;:false,&quot;wpgmza_store_locator_bounce&quot;:false,&quot;wpgmza_sl_animation&quot;:null,&quot;wpgmza_store_locator_hide_before_search&quot;:false,&quot;store_locator_query_string&quot;:&quot;&quot;,&quot;store_locator_location_placeholder&quot;:&quot;&quot;,&quot;store_locator_default_address&quot;:&quot;&quot;,&quot;store_locator_name_search&quot;:false,&quot;store_locator_name_string&quot;:&quot;&quot;,&quot;store_locator_not_found_message&quot;:&quot;&quot;,&quot;wpgmza_map_align&quot;:&quot;1&quot;,&quot;jump_to_nearest_marker_on_initialization&quot;:false,&quot;automatically_pan_to_users_location&quot;:false,&quot;override_users_location_zoom_level&quot;:false,&quot;override_users_location_zoom_levels&quot;:&quot;&quot;,&quot;show_distance_from_location&quot;:false,&quot;map_max_zoom&quot;:&quot;21&quot;,&quot;map_min_zoom&quot;:&quot;0&quot;,&quot;click_open_link&quot;:false,&quot;fit_maps_bounds_to_markers&quot;:false,&quot;fit_maps_bounds_to_markers_after_filtering&quot;:false,&quot;hide_point_of_interest&quot;:false,&quot;wpgmza_zoom_on_marker_click&quot;:false,&quot;wpgmza_zoom_on_marker_click_slider&quot;:&quot;&quot;,&quot;close_infowindow_on_map_click&quot;:false,&quot;disable_lightbox_images&quot;:false,&quot;use_Raw_Jpeg_Coordinates&quot;:false,&quot;polygon_labels&quot;:false,&quot;disable_polygon_info_windows&quot;:false,&quot;enable_marker_ratings&quot;:false,&quot;enable_marker_labels&quot;:false,&quot;only_load_markers_within_viewport&quot;:false,&quot;zoom_level_mobile_override_enabled&quot;:false,&quot;zoom_level_mobile_override&quot;:&quot;&quot;,&quot;iw_primary_color&quot;:&quot;#000000&quot;,&quot;iw_accent_color&quot;:&quot;#000000&quot;,&quot;iw_text_color&quot;:&quot;#000000&quot;,&quot;wpgmza_listmarkers_by&quot;:&quot;0&quot;,&quot;wpgmza_marker_listing_position&quot;:false,&quot;wpgmza_push_in_map&quot;:false,&quot;wpgmza_push_in_map_placement&quot;:null,&quot;wpgmza_push_in_map_width&quot;:&quot;&quot;,&quot;wpgmza_push_in_map_height&quot;:&quot;&quot;,&quot;zoom_level_on_marker_listing_override&quot;:false,&quot;zoom_level_on_marker_listing_click&quot;:&quot;&quot;,&quot;marker_listing_disable_zoom&quot;:false,&quot;datatable_no_result_message&quot;:&quot;&quot;,&quot;remove_search_box_datables&quot;:false,&quot;dataTable_pagination_style&quot;:null,&quot;datatable_search_string&quot;:&quot;&quot;,&quot;datatable_result_start&quot;:&quot;&quot;,&quot;datatable_result_of&quot;:&quot;&quot;,&quot;datatable_result_to&quot;:&quot;&quot;,&quot;datatable_result_total&quot;:&quot;&quot;,&quot;datatable_result_show&quot;:&quot;&quot;,&quot;datatable_result_entries&quot;:&quot;&quot;,&quot;wpgmza_savemap&quot;:&quot;Enregistrer la carte \\u00bb&quot;}}\" data-map-id='1' Data-maps-engine='open-layers' data-shortcode-attributes='{\"id\":\"1\"}' style=\"display:block; overflow:auto; width:100%; height:500px; float:left;\"><\/div>\n<\/div>\n\n\n\n<div class=\"wp-block-column is-layout-flow wp-block-column-is-layout-flow\" style=\"flex-basis:33.33%\">\n<h2 class=\"wp-block-heading\">Horaires d&rsquo;ouverture<\/h2>\n\n\n\n<ul id=\"hta_sm_schedules\" class=\"wp-block-list\">\n<li>Lundi Ferm\u00e9<\/li>\n\n\n\n<li>Mardi \n<ul class=\"wp-block-list\">\n<li>10h00 12h00<\/li>\n\n\n\n<li>14h30 19h00<\/li>\n<\/ul>\n<\/li>\n\n\n\n<li>Mercredi\n<ul class=\"wp-block-list\">\n<li>10h00 12h00<\/li>\n\n\n\n<li>14h30 19h00<\/li>\n<\/ul>\n<\/li>\n\n\n\n<li>Jeudi\n<ul class=\"wp-block-list\">\n<li>10h00 12h00<\/li>\n\n\n\n<li>14h30 19h00<\/li>\n<\/ul>\n<\/li>\n\n\n\n<li>Vendredi\n<ul class=\"wp-block-list\">\n<li>10h00 12h00<\/li>\n\n\n\n<li>14h30 19h00<\/li>\n<\/ul>\n<\/li>\n\n\n\n<li>Samedi\n<ul class=\"wp-block-list\">\n<li>10h00 12h00<\/li>\n\n\n\n<li>14h30 19h00<\/li>\n<\/ul>\n<\/li>\n\n\n\n<li>Dimanche Ferm\u00e9<\/li>\n<\/ul>\n<\/div>\n<\/div>\n<\/div>\n<\/div>\n\n\n\n<p><\/p>\n","protected":false},"excerpt":{"rendered":"<p>Boutique dans la plus grande tradition du commerce de proximit\u00e9:&nbsp;Accueil, Conseil professionnel, Chaleur et Convivialit\u00e9; nous sommes avant tout au service de notre client\u00e8le. Vous y trouverez un grand choix de&nbsp;: Pr\u00eat \u00e0 Porter\u00a0 FEMME\u00a0avec les marques: GEVANA, GRIFFON, AGATHE et LOUISE, JULIE GUERLANDE, KANOPE, JENSEN, CISO, REVER, ELEANE, I.ODENA, GUY DUBOUIS&#8230; Pr\u00eat \u00e0 Porter [&hellip;]<\/p>\n","protected":false},"author":1,"featured_media":7,"parent":0,"menu_order":0,"comment_status":"closed","ping_status":"open","template":"","meta":{"footnotes":""},"class_list":["post-2","page","type-page","status-publish","has-post-thumbnail","hentry"],"_links":{"self":[{"href":"http:\/\/www.lairedutemps.com\/index.php\/wp-json\/wp\/v2\/pages\/2","targetHints":{"allow":["GET"]}}],"collection":[{"href":"http:\/\/www.lairedutemps.com\/index.php\/wp-json\/wp\/v2\/pages"}],"about":[{"href":"http:\/\/www.lairedutemps.com\/index.php\/wp-json\/wp\/v2\/types\/page"}],"author":[{"embeddable":true,"href":"http:\/\/www.lairedutemps.com\/index.php\/wp-json\/wp\/v2\/users\/1"}],"replies":[{"embeddable":true,"href":"http:\/\/www.lairedutemps.com\/index.php\/wp-json\/wp\/v2\/comments?post=2"}],"version-history":[{"count":21,"href":"http:\/\/www.lairedutemps.com\/index.php\/wp-json\/wp\/v2\/pages\/2\/revisions"}],"predecessor-version":[{"id":68,"href":"http:\/\/www.lairedutemps.com\/index.php\/wp-json\/wp\/v2\/pages\/2\/revisions\/68"}],"wp:featuredmedia":[{"embeddable":true,"href":"http:\/\/www.lairedutemps.com\/index.php\/wp-json\/wp\/v2\/media\/7"}],"wp:attachment":[{"href":"http:\/\/www.lairedutemps.com\/index.php\/wp-json\/wp\/v2\/media?parent=2"}],"curies":[{"name":"wp","href":"https:\/\/api.w.org\/{rel}","templated":true}]}}